{"id":3863,"date":"2023-05-28T19:24:46","date_gmt":"2023-05-28T19:24:46","guid":{"rendered":"https:\/\/vendemivivienda.com\/?page_id=3863"},"modified":"2026-04-24T18:24:08","modified_gmt":"2026-04-24T18:24:08","slug":"salj-ditt-hus","status":"publish","type":"page","link":"https:\/\/vendemivivienda.com\/sv\/salj-ditt-hus\/","title":{"rendered":"S\u00c4LJ DITT HUS"},"content":{"rendered":"<div id='full_slider_1'  class='avia-fullwidth-slider main_color avia-shadow av-medium-hide av-small-hide av-mini-hide  avia-builder-el-0  el_before_av_slideshow_full  avia-builder-el-first   container_wrap fullsize'  >\n<style type=\"text\/css\" data-created_by=\"avia_inline_auto\" id=\"style-css-av-li7t84q2-6f2de5eca7b15a116b7400cc7bf5f144\">\n#top #wrap_all .avia-slideshow .av-slideshow-caption.av-li7t84q2-6f2de5eca7b15a116b7400cc7bf5f144__0 .avia-caption-title{\nfont-size:40px;\n}\n#top .avia-slideshow .av-slideshow-caption.av-li7t84q2-6f2de5eca7b15a116b7400cc7bf5f144__0 .avia-caption-content{\nfont-size:20px;\n}\n#top .avia-slideshow .av-slideshow-caption.av-li7t84q2-6f2de5eca7b15a116b7400cc7bf5f144__0 .avia-caption-content p{\nfont-size:20px;\n}\n#top #wrap_all .avia-slideshow .av-slideshow-caption.av-li7t84q2-6f2de5eca7b15a116b7400cc7bf5f144__1 .avia-caption-title{\nfont-size:40px;\n}\n#top .avia-slideshow .av-slideshow-caption.av-li7t84q2-6f2de5eca7b15a116b7400cc7bf5f144__1 .avia-caption-content{\nfont-size:20px;\n}\n#top .avia-slideshow .av-slideshow-caption.av-li7t84q2-6f2de5eca7b15a116b7400cc7bf5f144__1 .avia-caption-content p{\nfont-size:20px;\n}\n#top #wrap_all .avia-slideshow .av-slideshow-caption.av-li7t84q2-6f2de5eca7b15a116b7400cc7bf5f144__2 .avia-caption-title{\nfont-size:40px;\n}\n#top .avia-slideshow .av-slideshow-caption.av-li7t84q2-6f2de5eca7b15a116b7400cc7bf5f144__2 .avia-caption-content{\nfont-size:20px;\n}\n#top .avia-slideshow .av-slideshow-caption.av-li7t84q2-6f2de5eca7b15a116b7400cc7bf5f144__2 .avia-caption-content p{\nfont-size:20px;\n}\n<\/style>\n<div  class='avia-slideshow av-li7t84q2-6f2de5eca7b15a116b7400cc7bf5f144 avia-slideshow-no scaling av_slideshow_full avia-fade-slider av-medium-hide av-small-hide av-mini-hide av-slideshow-ui av-control-default av-slideshow-autoplay av-loop-endless av-loop-manual-endless av-default-height-applied   avia-slideshow-1' data-slideshow-options=\"{&quot;animation&quot;:&quot;fade&quot;,&quot;autoplay&quot;:true,&quot;loop_autoplay&quot;:&quot;endless&quot;,&quot;interval&quot;:4,&quot;loop_manual&quot;:&quot;manual-endless&quot;,&quot;autoplay_stopper&quot;:false,&quot;noNavigation&quot;:false,&quot;bg_slider&quot;:false,&quot;keep_padding&quot;:false,&quot;hoverpause&quot;:false,&quot;show_slide_delay&quot;:0}\"  itemprop=\"image\" itemscope=\"itemscope\" itemtype=\"https:\/\/schema.org\/ImageObject\" ><ul class='avia-slideshow-inner ' style='padding-bottom: 39.68253968254%;'><li  class='avia-slideshow-slide av-li7t84q2-6f2de5eca7b15a116b7400cc7bf5f144__0  slide-1 slide-odd'><div data-rel='slideshow-1' class='avia-slide-wrap '   ><img decoding=\"async\" fetchpriority=\"high\" class=\"wp-image-3824 avia-img-lazy-loading-not-3824\"  src=\"https:\/\/vendemivivienda.com\/wp-content\/uploads\/2023\/05\/home01.jpg\" width=\"2520\" height=\"1000\" title='home01' alt=''  itemprop=\"thumbnailUrl\" srcset=\"https:\/\/vendemivivienda.com\/wp-content\/uploads\/2023\/05\/home01.jpg 2520w, https:\/\/vendemivivienda.com\/wp-content\/uploads\/2023\/05\/home01-300x119.jpg 300w, https:\/\/vendemivivienda.com\/wp-content\/uploads\/2023\/05\/home01-1030x409.jpg 1030w, https:\/\/vendemivivienda.com\/wp-content\/uploads\/2023\/05\/home01-768x305.jpg 768w, https:\/\/vendemivivienda.com\/wp-content\/uploads\/2023\/05\/home01-1536x610.jpg 1536w, https:\/\/vendemivivienda.com\/wp-content\/uploads\/2023\/05\/home01-2048x813.jpg 2048w, https:\/\/vendemivivienda.com\/wp-content\/uploads\/2023\/05\/home01-1500x595.jpg 1500w, https:\/\/vendemivivienda.com\/wp-content\/uploads\/2023\/05\/home01-705x280.jpg 705w\" sizes=\"(max-width: 2520px) 100vw, 2520px\" \/><\/div><\/li><li  class='avia-slideshow-slide av-li7t84q2-6f2de5eca7b15a116b7400cc7bf5f144__1  slide-2 slide-even'><div data-rel='slideshow-1' class='avia-slide-wrap '   ><img decoding=\"async\" fetchpriority=\"high\" class=\"wp-image-3864 avia-img-lazy-loading-not-3864\"  src=\"https:\/\/vendemivivienda.com\/wp-content\/uploads\/2023\/05\/tasacion01.jpg\" width=\"2520\" height=\"1000\" title='tasacion01' alt=''  itemprop=\"thumbnailUrl\" srcset=\"https:\/\/vendemivivienda.com\/wp-content\/uploads\/2023\/05\/tasacion01.jpg 2520w, https:\/\/vendemivivienda.com\/wp-content\/uploads\/2023\/05\/tasacion01-300x119.jpg 300w, https:\/\/vendemivivienda.com\/wp-content\/uploads\/2023\/05\/tasacion01-1030x409.jpg 1030w, https:\/\/vendemivivienda.com\/wp-content\/uploads\/2023\/05\/tasacion01-768x305.jpg 768w, https:\/\/vendemivivienda.com\/wp-content\/uploads\/2023\/05\/tasacion01-1536x610.jpg 1536w, https:\/\/vendemivivienda.com\/wp-content\/uploads\/2023\/05\/tasacion01-2048x813.jpg 2048w, https:\/\/vendemivivienda.com\/wp-content\/uploads\/2023\/05\/tasacion01-1500x595.jpg 1500w, https:\/\/vendemivivienda.com\/wp-content\/uploads\/2023\/05\/tasacion01-705x280.jpg 705w\" sizes=\"(max-width: 2520px) 100vw, 2520px\" \/><\/div><\/li><li  class='avia-slideshow-slide av-li7t84q2-6f2de5eca7b15a116b7400cc7bf5f144__2  slide-3 slide-odd'><div data-rel='slideshow-1' class='avia-slide-wrap '   ><img decoding=\"async\" fetchpriority=\"high\" class=\"wp-image-3825 avia-img-lazy-loading-not-3825\"  src=\"https:\/\/vendemivivienda.com\/wp-content\/uploads\/2023\/05\/home02.jpg\" width=\"2520\" height=\"1000\" title='home02' alt=''  itemprop=\"thumbnailUrl\" srcset=\"https:\/\/vendemivivienda.com\/wp-content\/uploads\/2023\/05\/home02.jpg 2520w, https:\/\/vendemivivienda.com\/wp-content\/uploads\/2023\/05\/home02-300x119.jpg 300w, https:\/\/vendemivivienda.com\/wp-content\/uploads\/2023\/05\/home02-1030x409.jpg 1030w, https:\/\/vendemivivienda.com\/wp-content\/uploads\/2023\/05\/home02-768x305.jpg 768w, https:\/\/vendemivivienda.com\/wp-content\/uploads\/2023\/05\/home02-1536x610.jpg 1536w, https:\/\/vendemivivienda.com\/wp-content\/uploads\/2023\/05\/home02-2048x813.jpg 2048w, https:\/\/vendemivivienda.com\/wp-content\/uploads\/2023\/05\/home02-1500x595.jpg 1500w, https:\/\/vendemivivienda.com\/wp-content\/uploads\/2023\/05\/home02-705x280.jpg 705w\" sizes=\"(max-width: 2520px) 100vw, 2520px\" \/><\/div><\/li><\/ul><div class='avia-slideshow-arrows avia-slideshow-controls' ><a href='#prev' class='prev-slide  avia-svg-icon avia-font-svg_entypo-fontello' data-av_svg_icon='left-open-big' data-av_iconset='svg_entypo-fontello' tabindex='-1' title=\"F\u00f6reg\u00e5ende\"><svg version=\"1.1\" xmlns=\"http:\/\/www.w3.org\/2000\/svg\" width=\"15\" height=\"32\" viewBox=\"0 0 15 32\" preserveAspectRatio=\"xMidYMid meet\" aria-labelledby='av-svg-title-1' aria-describedby='av-svg-desc-1' role=\"graphics-symbol\" aria-hidden=\"true\">\n<title id='av-svg-title-1'>F\u00f6reg\u00e5ende<\/title>\n<desc id='av-svg-desc-1'>F\u00f6reg\u00e5ende<\/desc>\n<path d=\"M14.464 27.84q0.832 0.832 0 1.536-0.832 0.832-1.536 0l-12.544-12.608q-0.768-0.768 0-1.6l12.544-12.608q0.704-0.832 1.536 0 0.832 0.704 0 1.536l-11.456 11.904z\"><\/path>\n<\/svg><span class='avia_hidden_link_text'>F\u00f6reg\u00e5ende<\/span><\/a><a href='#next' class='next-slide  avia-svg-icon avia-font-svg_entypo-fontello' data-av_svg_icon='right-open-big' data-av_iconset='svg_entypo-fontello' tabindex='-1' title=\"N\u00e4sta\"><svg version=\"1.1\" xmlns=\"http:\/\/www.w3.org\/2000\/svg\" width=\"15\" height=\"32\" viewBox=\"0 0 15 32\" preserveAspectRatio=\"xMidYMid meet\" aria-labelledby='av-svg-title-2' aria-describedby='av-svg-desc-2' role=\"graphics-symbol\" aria-hidden=\"true\">\n<title id='av-svg-title-2'>N\u00e4sta<\/title>\n<desc id='av-svg-desc-2'>N\u00e4sta<\/desc>\n<path d=\"M0.416 27.84l11.456-11.84-11.456-11.904q-0.832-0.832 0-1.536 0.832-0.832 1.536 0l12.544 12.608q0.768 0.832 0 1.6l-12.544 12.608q-0.704 0.832-1.536 0-0.832-0.704 0-1.536z\"><\/path>\n<\/svg><span class='avia_hidden_link_text'>N\u00e4sta<\/span><\/a><\/div><div class='avia-slideshow-dots avia-slideshow-controls'><a href='#1' class='goto-slide active' >1<\/a><a href='#2' class='goto-slide ' >2<\/a><a href='#3' class='goto-slide ' >3<\/a><\/div><div class='av-slideshow-caption av-li7t84q2-6f2de5eca7b15a116b7400cc7bf5f144__0 caption_fullwidth caption_center caption_center_framed caption_framed'><div class=\"container caption_container\"><div class=\"slideshow_caption\"><div class=\"slideshow_inner_caption\"><div class=\"slideshow_align_caption\"><h2 class='avia-caption-title '  itemprop=\"name\" >VENDEMOS TU CASA<\/h2><div class='avia-caption-content '  itemprop=\"description\" ><p>Vende tu casa a trav\u00e9s de un sencillo formulario online<\/p>\n<\/div><\/div><\/div><\/div><\/div><\/div><\/div><\/div>\n<div id='full_slider_2'  class='avia-fullwidth-slider main_color avia-shadow av-desktop-hide  avia-builder-el-1  el_after_av_slideshow_full  el_before_av_section   slider-not-first container_wrap fullsize'  >\n<style type=\"text\/css\" data-created_by=\"avia_inline_auto\" id=\"style-css-av-li90jj2i-0c03dfd24a2a542ecd8e5b8ac5242a5c\">\n#top #wrap_all .avia-slideshow .av-slideshow-caption.av-li90jj2i-0c03dfd24a2a542ecd8e5b8ac5242a5c__0 .avia-caption-title{\nfont-size:30px;\n}\n#top .avia-slideshow .av-slideshow-caption.av-li90jj2i-0c03dfd24a2a542ecd8e5b8ac5242a5c__0 .avia-caption-content{\nfont-size:20px;\n}\n#top .avia-slideshow .av-slideshow-caption.av-li90jj2i-0c03dfd24a2a542ecd8e5b8ac5242a5c__0 .avia-caption-content p{\nfont-size:20px;\n}\n#top #wrap_all .avia-slideshow .av-slideshow-caption.av-li90jj2i-0c03dfd24a2a542ecd8e5b8ac5242a5c__1 .avia-caption-title{\nfont-size:30px;\n}\n#top .avia-slideshow .av-slideshow-caption.av-li90jj2i-0c03dfd24a2a542ecd8e5b8ac5242a5c__1 .avia-caption-content{\nfont-size:20px;\n}\n#top .avia-slideshow .av-slideshow-caption.av-li90jj2i-0c03dfd24a2a542ecd8e5b8ac5242a5c__1 .avia-caption-content p{\nfont-size:20px;\n}\n<\/style>\n<div  class='avia-slideshow av-li90jj2i-0c03dfd24a2a542ecd8e5b8ac5242a5c avia-slideshow-no scaling av_slideshow_full avia-slide-slider av-desktop-hide av-slideshow-ui av-control-default av-slideshow-manual av-loop-once av-loop-manual-endless av-default-height-applied   avia-slideshow-2' data-slideshow-options=\"{&quot;animation&quot;:&quot;slide&quot;,&quot;autoplay&quot;:false,&quot;loop_autoplay&quot;:&quot;once&quot;,&quot;interval&quot;:5,&quot;loop_manual&quot;:&quot;manual-endless&quot;,&quot;autoplay_stopper&quot;:false,&quot;noNavigation&quot;:false,&quot;bg_slider&quot;:false,&quot;keep_padding&quot;:false,&quot;hoverpause&quot;:false,&quot;show_slide_delay&quot;:0}\"  itemprop=\"image\" itemscope=\"itemscope\" itemtype=\"https:\/\/schema.org\/ImageObject\" ><ul class='avia-slideshow-inner ' style='padding-bottom: 177.77777777778%;'><li  class='avia-slideshow-slide av-li90jj2i-0c03dfd24a2a542ecd8e5b8ac5242a5c__0  slide-1 slide-odd'><div data-rel='slideshow-2' class='avia-slide-wrap '   ><img decoding=\"async\" fetchpriority=\"high\" class=\"wp-image-3826 avia-img-lazy-loading-not-3826\"  src=\"https:\/\/vendemivivienda.com\/wp-content\/uploads\/2023\/05\/mobile_home01.jpg\" width=\"1080\" height=\"1920\" title='mobile_home01' alt=''  itemprop=\"thumbnailUrl\" srcset=\"https:\/\/vendemivivienda.com\/wp-content\/uploads\/2023\/05\/mobile_home01.jpg 1080w, https:\/\/vendemivivienda.com\/wp-content\/uploads\/2023\/05\/mobile_home01-169x300.jpg 169w, https:\/\/vendemivivienda.com\/wp-content\/uploads\/2023\/05\/mobile_home01-579x1030.jpg 579w, https:\/\/vendemivivienda.com\/wp-content\/uploads\/2023\/05\/mobile_home01-768x1365.jpg 768w, https:\/\/vendemivivienda.com\/wp-content\/uploads\/2023\/05\/mobile_home01-864x1536.jpg 864w, https:\/\/vendemivivienda.com\/wp-content\/uploads\/2023\/05\/mobile_home01-844x1500.jpg 844w, https:\/\/vendemivivienda.com\/wp-content\/uploads\/2023\/05\/mobile_home01-397x705.jpg 397w\" sizes=\"(max-width: 1080px) 100vw, 1080px\" \/><\/div><\/li><li  class='avia-slideshow-slide av-li90jj2i-0c03dfd24a2a542ecd8e5b8ac5242a5c__1  slide-2 slide-even'><div data-rel='slideshow-2' class='avia-slide-wrap '   ><img decoding=\"async\" fetchpriority=\"high\" class=\"wp-image-3865 avia-img-lazy-loading-not-3865\"  src=\"https:\/\/vendemivivienda.com\/wp-content\/uploads\/2023\/05\/mobile_home02.jpg\" width=\"1080\" height=\"1920\" title='mobile_home02' alt=''  itemprop=\"thumbnailUrl\" srcset=\"https:\/\/vendemivivienda.com\/wp-content\/uploads\/2023\/05\/mobile_home02.jpg 1080w, https:\/\/vendemivivienda.com\/wp-content\/uploads\/2023\/05\/mobile_home02-169x300.jpg 169w, https:\/\/vendemivivienda.com\/wp-content\/uploads\/2023\/05\/mobile_home02-579x1030.jpg 579w, https:\/\/vendemivivienda.com\/wp-content\/uploads\/2023\/05\/mobile_home02-768x1365.jpg 768w, https:\/\/vendemivivienda.com\/wp-content\/uploads\/2023\/05\/mobile_home02-864x1536.jpg 864w, https:\/\/vendemivivienda.com\/wp-content\/uploads\/2023\/05\/mobile_home02-844x1500.jpg 844w, https:\/\/vendemivivienda.com\/wp-content\/uploads\/2023\/05\/mobile_home02-397x705.jpg 397w\" sizes=\"(max-width: 1080px) 100vw, 1080px\" \/><\/div><\/li><\/ul><div class='avia-slideshow-arrows avia-slideshow-controls' ><a href='#prev' class='prev-slide  avia-svg-icon avia-font-svg_entypo-fontello' data-av_svg_icon='left-open-big' data-av_iconset='svg_entypo-fontello' tabindex='-1' title=\"F\u00f6reg\u00e5ende\"><svg version=\"1.1\" xmlns=\"http:\/\/www.w3.org\/2000\/svg\" width=\"15\" height=\"32\" viewBox=\"0 0 15 32\" preserveAspectRatio=\"xMidYMid meet\" aria-labelledby='av-svg-title-3' aria-describedby='av-svg-desc-3' role=\"graphics-symbol\" aria-hidden=\"true\">\n<title id='av-svg-title-3'>F\u00f6reg\u00e5ende<\/title>\n<desc id='av-svg-desc-3'>F\u00f6reg\u00e5ende<\/desc>\n<path d=\"M14.464 27.84q0.832 0.832 0 1.536-0.832 0.832-1.536 0l-12.544-12.608q-0.768-0.768 0-1.6l12.544-12.608q0.704-0.832 1.536 0 0.832 0.704 0 1.536l-11.456 11.904z\"><\/path>\n<\/svg><span class='avia_hidden_link_text'>F\u00f6reg\u00e5ende<\/span><\/a><a href='#next' class='next-slide  avia-svg-icon avia-font-svg_entypo-fontello' data-av_svg_icon='right-open-big' data-av_iconset='svg_entypo-fontello' tabindex='-1' title=\"N\u00e4sta\"><svg version=\"1.1\" xmlns=\"http:\/\/www.w3.org\/2000\/svg\" width=\"15\" height=\"32\" viewBox=\"0 0 15 32\" preserveAspectRatio=\"xMidYMid meet\" aria-labelledby='av-svg-title-4' aria-describedby='av-svg-desc-4' role=\"graphics-symbol\" aria-hidden=\"true\">\n<title id='av-svg-title-4'>N\u00e4sta<\/title>\n<desc id='av-svg-desc-4'>N\u00e4sta<\/desc>\n<path d=\"M0.416 27.84l11.456-11.84-11.456-11.904q-0.832-0.832 0-1.536 0.832-0.832 1.536 0l12.544 12.608q0.768 0.832 0 1.6l-12.544 12.608q-0.704 0.832-1.536 0-0.832-0.704 0-1.536z\"><\/path>\n<\/svg><span class='avia_hidden_link_text'>N\u00e4sta<\/span><\/a><\/div><div class='avia-slideshow-dots avia-slideshow-controls'><a href='#1' class='goto-slide active' >1<\/a><a href='#2' class='goto-slide ' >2<\/a><\/div><div class='av-slideshow-caption av-li90jj2i-0c03dfd24a2a542ecd8e5b8ac5242a5c__0 caption_fullwidth caption_center caption_center_framed caption_framed'><div class=\"container caption_container\"><div class=\"slideshow_caption\"><div class=\"slideshow_inner_caption\"><div class=\"slideshow_align_caption\"><h2 class='avia-caption-title '  itemprop=\"name\" >VENDEMOS TU CASA<\/h2><div class='avia-caption-content '  itemprop=\"description\" ><p>Vende tu casa a trav\u00e9s de un sencillo formulario online<\/p>\n<\/div><\/div><\/div><\/div><\/div><\/div><\/div><\/div>\n\n<style type=\"text\/css\" data-created_by=\"avia_inline_auto\" id=\"style-css-av-3ix66-d39f9da159d269286bc794335c9295d8\">\n.avia-section.av-3ix66-d39f9da159d269286bc794335c9295d8{\nbackground-color:#d68c90;\nbackground-image:unset;\n}\n<\/style>\n<div id='av_section_1'  class='avia-section av-3ix66-d39f9da159d269286bc794335c9295d8 main_color avia-section-default avia-no-border-styling  avia-builder-el-2  el_after_av_slideshow_full  el_before_av_textblock  avia-bg-style-scroll container_wrap fullsize'  ><div class='container av-section-cont-open' ><div class='template-page content  av-content-full alpha units'><div class='post-entry post-entry-type-page post-entry-3863'><div class='entry-content-wrapper clearfix'>\n\n<style type=\"text\/css\" data-created_by=\"avia_inline_auto\" id=\"style-css-av-2ugoy-4e0396c50c797d7e00c9078867789f66\">\n#top .av-special-heading.av-2ugoy-4e0396c50c797d7e00c9078867789f66{\npadding-bottom:10px;\ncolor:#ffffff;\n}\nbody .av-special-heading.av-2ugoy-4e0396c50c797d7e00c9078867789f66 .av-special-heading-tag .heading-char{\nfont-size:25px;\n}\n.av-special-heading.av-2ugoy-4e0396c50c797d7e00c9078867789f66 .special-heading-inner-border{\nborder-color:#ffffff;\n}\n.av-special-heading.av-2ugoy-4e0396c50c797d7e00c9078867789f66 .av-subheading{\nfont-size:15px;\n}\n<\/style>\n<div  class='av-special-heading av-2ugoy-4e0396c50c797d7e00c9078867789f66 av-special-heading-h3 custom-color-heading blockquote modern-quote modern-centered  avia-builder-el-3  avia-builder-el-no-sibling '><h3 class='av-special-heading-tag '  itemprop=\"headline\"  >SOLICITUD DE TASACI\u00d3N<\/h3><div class=\"special-heading-border\"><div class=\"special-heading-inner-border\"><\/div><\/div><\/div>\n<\/div><\/div><\/div><!-- close content main div --><\/div><\/div><div id='after_section_1'  class='main_color av_default_container_wrap container_wrap fullsize'  ><div class='container av-section-cont-open' ><div class='template-page content  av-content-full alpha units'><div class='post-entry post-entry-type-page post-entry-3863'><div class='entry-content-wrapper clearfix'>\n<style type=\"text\/css\" data-created_by=\"avia_inline_auto\" id=\"style-css-av-1up6y-9a7bd9559f17b2af251642ffb5e7dab6\">\n#top .av_textblock_section.av-1up6y-9a7bd9559f17b2af251642ffb5e7dab6 .avia_textblock{\nfont-size:16px;\n}\n\n@media only screen and (min-width: 990px){ \n#top .av_textblock_section.av-1up6y-9a7bd9559f17b2af251642ffb5e7dab6 .avia_textblock{\nfont-size:16px;\n}\n}\n<\/style>\n<section  class='av_textblock_section av-1up6y-9a7bd9559f17b2af251642ffb5e7dab6 '   itemscope=\"itemscope\" itemtype=\"https:\/\/schema.org\/CreativeWork\" ><div class='avia_textblock'  itemprop=\"text\" ><p>Si has llegado a este punto es porque est\u00e1s interesado en vender tu\u00a0<strong>vivienda<\/strong>: \u00a1Bien! Solo necesitamos que nos aportes cierta informaci\u00f3n sobre las caracter\u00edsticas de la misma, metros, ubicaci\u00f3n equipamiento&#8230; as\u00ed como una serie de caracter\u00edsticas necesarias. Toda informaci\u00f3n que nos aportes nos ayudar\u00e1 a ofrecerte<strong> una oferta de la forma m\u00e1s precisa posible<\/strong>: Rellena el siguiente formulario indic\u00e1ndonos los datos solicitados y recibir\u00e1s nuestra tasaci\u00f3n en breve.<\/p>\n<\/div><\/section><\/p>\n<div  class='hr av-1au82-6ce396d2c81ba2f776124ed13662bea7 hr-default  avia-builder-el-5  el_after_av_textblock  el_before_av_one_fifth '><span class='hr-inner '><span class=\"hr-inner-style\"><\/span><\/span><\/div>\n<div  class='flex_column av-2cwle-16fee4b09f54b400d0dfb5ebf10ab101 av_one_fifth  avia-builder-el-6  el_after_av_hr  el_before_av_three_fifth  first flex_column_div  '     ><\/div>\n\n<style type=\"text\/css\" data-created_by=\"avia_inline_auto\" id=\"style-css-av-1e11e-38bf124a76a7304a3653247775d57a10\">\n@keyframes av_boxShadowEffect_av-1e11e-38bf124a76a7304a3653247775d57a10-column {\n0%   { box-shadow:  0 0 0 0 #edc8b8; opacity: 1; }\n100% { box-shadow:  0 0 10px 0 #edc8b8; opacity: 1; }\n}\n.flex_column.av-1e11e-38bf124a76a7304a3653247775d57a10{\nbox-shadow: 0 0 10px 0 #edc8b8;\nborder-radius:25px 25px 25px 25px;\npadding:50px 50px 50px 50px;\n}\n<\/style>\n<div  class='flex_column av-1e11e-38bf124a76a7304a3653247775d57a10 av_three_fifth  avia-builder-el-7  el_after_av_one_fifth  el_before_av_one_fifth  flex_column_div shadow-not-animated  '     ><\/div>\n<div  class='flex_column av-owhi-3ddc3cb3351aaed0b77fcf83b1cac4da av_one_fifth  avia-builder-el-9  el_after_av_three_fifth  avia-builder-el-last  flex_column_div  '     ><\/div>\n","protected":false},"excerpt":{"rendered":"","protected":false},"author":1,"featured_media":0,"parent":0,"menu_order":0,"comment_status":"closed","ping_status":"closed","template":"","meta":{"_acf_changed":false,"footnotes":""},"class_list":["post-3863","page","type-page","status-publish","hentry"],"acf":[],"yoast_head":"<!-- This site is optimized with the Yoast SEO plugin v27.4 - https:\/\/yoast.com\/product\/yoast-seo-wordpress\/ -->\n<title>S\u00c4LJ DITT HUS - VENDE MI VIVIENDA<\/title>\n<meta name=\"robots\" content=\"index, follow, max-snippet:-1, max-image-preview:large, max-video-preview:-1\" \/>\n<link rel=\"canonical\" href=\"https:\/\/vendemivivienda.com\/sv\/salj-ditt-hus\/\" \/>\n<meta property=\"og:locale\" content=\"sv_SE\" \/>\n<meta property=\"og:type\" content=\"article\" \/>\n<meta property=\"og:title\" content=\"S\u00c4LJ DITT HUS - VENDE MI VIVIENDA\" \/>\n<meta property=\"og:url\" content=\"https:\/\/vendemivivienda.com\/sv\/salj-ditt-hus\/\" \/>\n<meta property=\"og:site_name\" content=\"VENDE MI VIVIENDA\" \/>\n<meta property=\"article:modified_time\" content=\"2026-04-24T18:24:08+00:00\" \/>\n<meta name=\"twitter:card\" content=\"summary_large_image\" \/>\n<meta name=\"twitter:label1\" content=\"Ber\u00e4knad l\u00e4stid\" \/>\n\t<meta name=\"twitter:data1\" content=\"2 minuter\" \/>\n<script type=\"application\/ld+json\" class=\"yoast-schema-graph\">{\"@context\":\"https:\\\/\\\/schema.org\",\"@graph\":[{\"@type\":\"WebPage\",\"@id\":\"https:\\\/\\\/vendemivivienda.com\\\/sv\\\/salj-ditt-hus\\\/\",\"url\":\"https:\\\/\\\/vendemivivienda.com\\\/sv\\\/salj-ditt-hus\\\/\",\"name\":\"S\u00c4LJ DITT HUS - VENDE MI VIVIENDA\",\"isPartOf\":{\"@id\":\"https:\\\/\\\/vendemivivienda.com\\\/sv\\\/#website\"},\"datePublished\":\"2023-05-28T19:24:46+00:00\",\"dateModified\":\"2026-04-24T18:24:08+00:00\",\"breadcrumb\":{\"@id\":\"https:\\\/\\\/vendemivivienda.com\\\/sv\\\/salj-ditt-hus\\\/#breadcrumb\"},\"inLanguage\":\"sv-SE\",\"potentialAction\":[{\"@type\":\"ReadAction\",\"target\":[\"https:\\\/\\\/vendemivivienda.com\\\/sv\\\/salj-ditt-hus\\\/\"]}]},{\"@type\":\"BreadcrumbList\",\"@id\":\"https:\\\/\\\/vendemivivienda.com\\\/sv\\\/salj-ditt-hus\\\/#breadcrumb\",\"itemListElement\":[{\"@type\":\"ListItem\",\"position\":1,\"name\":\"Portada\",\"item\":\"https:\\\/\\\/vendemivivienda.com\\\/sv\\\/home\\\/\"},{\"@type\":\"ListItem\",\"position\":2,\"name\":\"S\u00c4LJ DITT HUS\"}]},{\"@type\":\"WebSite\",\"@id\":\"https:\\\/\\\/vendemivivienda.com\\\/sv\\\/#website\",\"url\":\"https:\\\/\\\/vendemivivienda.com\\\/sv\\\/\",\"name\":\"VENDE MI VIVIENDA\",\"description\":\"Vende casa o piso r\u00e1pidamente\",\"potentialAction\":[{\"@type\":\"SearchAction\",\"target\":{\"@type\":\"EntryPoint\",\"urlTemplate\":\"https:\\\/\\\/vendemivivienda.com\\\/sv\\\/?s={search_term_string}\"},\"query-input\":{\"@type\":\"PropertyValueSpecification\",\"valueRequired\":true,\"valueName\":\"search_term_string\"}}],\"inLanguage\":\"sv-SE\"}]}<\/script>\n<!-- \/ Yoast SEO plugin. -->","yoast_head_json":{"title":"S\u00c4LJ DITT HUS - VENDE MI VIVIENDA","robots":{"index":"index","follow":"follow","max-snippet":"max-snippet:-1","max-image-preview":"max-image-preview:large","max-video-preview":"max-video-preview:-1"},"canonical":"https:\/\/vendemivivienda.com\/sv\/salj-ditt-hus\/","og_locale":"sv_SE","og_type":"article","og_title":"S\u00c4LJ DITT HUS - VENDE MI VIVIENDA","og_url":"https:\/\/vendemivivienda.com\/sv\/salj-ditt-hus\/","og_site_name":"VENDE MI VIVIENDA","article_modified_time":"2026-04-24T18:24:08+00:00","twitter_card":"summary_large_image","twitter_misc":{"Ber\u00e4knad l\u00e4stid":"2 minuter"},"schema":{"@context":"https:\/\/schema.org","@graph":[{"@type":"WebPage","@id":"https:\/\/vendemivivienda.com\/sv\/salj-ditt-hus\/","url":"https:\/\/vendemivivienda.com\/sv\/salj-ditt-hus\/","name":"S\u00c4LJ DITT HUS - VENDE MI VIVIENDA","isPartOf":{"@id":"https:\/\/vendemivivienda.com\/sv\/#website"},"datePublished":"2023-05-28T19:24:46+00:00","dateModified":"2026-04-24T18:24:08+00:00","breadcrumb":{"@id":"https:\/\/vendemivivienda.com\/sv\/salj-ditt-hus\/#breadcrumb"},"inLanguage":"sv-SE","potentialAction":[{"@type":"ReadAction","target":["https:\/\/vendemivivienda.com\/sv\/salj-ditt-hus\/"]}]},{"@type":"BreadcrumbList","@id":"https:\/\/vendemivivienda.com\/sv\/salj-ditt-hus\/#breadcrumb","itemListElement":[{"@type":"ListItem","position":1,"name":"Portada","item":"https:\/\/vendemivivienda.com\/sv\/home\/"},{"@type":"ListItem","position":2,"name":"S\u00c4LJ DITT HUS"}]},{"@type":"WebSite","@id":"https:\/\/vendemivivienda.com\/sv\/#website","url":"https:\/\/vendemivivienda.com\/sv\/","name":"VENDE MI VIVIENDA","description":"Vende casa o piso r\u00e1pidamente","potentialAction":[{"@type":"SearchAction","target":{"@type":"EntryPoint","urlTemplate":"https:\/\/vendemivivienda.com\/sv\/?s={search_term_string}"},"query-input":{"@type":"PropertyValueSpecification","valueRequired":true,"valueName":"search_term_string"}}],"inLanguage":"sv-SE"}]}},"_links":{"self":[{"href":"https:\/\/vendemivivienda.com\/sv\/wp-json\/wp\/v2\/pages\/3863","targetHints":{"allow":["GET"]}}],"collection":[{"href":"https:\/\/vendemivivienda.com\/sv\/wp-json\/wp\/v2\/pages"}],"about":[{"href":"https:\/\/vendemivivienda.com\/sv\/wp-json\/wp\/v2\/types\/page"}],"author":[{"embeddable":true,"href":"https:\/\/vendemivivienda.com\/sv\/wp-json\/wp\/v2\/users\/1"}],"replies":[{"embeddable":true,"href":"https:\/\/vendemivivienda.com\/sv\/wp-json\/wp\/v2\/comments?post=3863"}],"version-history":[{"count":1,"href":"https:\/\/vendemivivienda.com\/sv\/wp-json\/wp\/v2\/pages\/3863\/revisions"}],"predecessor-version":[{"id":3866,"href":"https:\/\/vendemivivienda.com\/sv\/wp-json\/wp\/v2\/pages\/3863\/revisions\/3866"}],"wp:attachment":[{"href":"https:\/\/vendemivivienda.com\/sv\/wp-json\/wp\/v2\/media?parent=3863"}],"curies":[{"name":"wp","href":"https:\/\/api.w.org\/{rel}","templated":true}]}}